{"id":1036,"date":"2018-12-03T17:51:04","date_gmt":"2018-12-03T15:51:04","guid":{"rendered":"https:\/\/www.sicherheitsreport.net\/?page_id=1036"},"modified":"2018-12-21T19:27:15","modified_gmt":"2018-12-21T17:27:15","slug":"centrum","status":"publish","type":"page","link":"https:\/\/www.sicherheitsreport.net\/en\/centrum\/","title":{"rendered":"Centre"},"content":{"rendered":"\n<p>The Centre for Strategy and Higher Leadership is a leading service partner in coaching, sparring and individualised training at the highest level \u2013 for partners, board members and CEOs. The Centre was founded by its managing director, <a rel=\"noreferrer noopener\" aria-label=\" (\u00f6ffnet in neuem Tab)\" href=\"http:\/\/www.klaus-schweinsberg.com\/en\/about\/\" target=\"_blank\">Dr. Klaus Schweinsberg<\/a>.<\/p>\n","protected":false},"excerpt":{"rendered":"<p>The Centre for Strategy and Higher Leadership is a leading service partner in coaching, sparring and individualised training at the highest level \u2013 for partners, board members and CEOs. The Centre was founded by its managing director, Dr. Klaus Schweinsberg.<\/p>\n","protected":false},"author":3,"featured_media":0,"parent":0,"menu_order":9,"comment_status":"closed","ping_status":"closed","template":"","meta":{"footnotes":""},"yoast_head":"<!-- This site is optimized with the Yoast SEO plugin v22.5 - https:\/\/yoast.com\/wordpress\/plugins\/seo\/ -->\n<title>Centre | glh - Sicherheitsreport<\/title>\n<meta name=\"robots\" content=\"index, follow, max-snippet:-1, max-image-preview:large, max-video-preview:-1\" \/>\n<link rel=\"canonical\" href=\"https:\/\/www.sicherheitsreport.net\/en\/centrum\/\" \/>\n<meta property=\"og:locale\" content=\"en_US\" \/>\n<meta property=\"og:type\" content=\"article\" \/>\n<meta property=\"og:title\" content=\"Centre | glh - Sicherheitsreport\" \/>\n<meta property=\"og:description\" content=\"The Centre for Strategy and Higher Leadership is a leading service partner in coaching, sparring and individualised training at the highest level \u2013 for partners, board members and CEOs. The Centre was founded by its managing director, Dr. Klaus Schweinsberg.\" \/>\n<meta property=\"og:url\" content=\"https:\/\/www.sicherheitsreport.net\/en\/centrum\/\" \/>\n<meta property=\"og:site_name\" content=\"glh - Sicherheitsreport\" \/>\n<meta property=\"article:modified_time\" content=\"2018-12-21T17:27:15+00:00\" \/>\n<meta name=\"twitter:card\" content=\"summary_large_image\" \/>\n<script type=\"application\/ld+json\" class=\"yoast-schema-graph\">{\"@context\":\"https:\/\/schema.org\",\"@graph\":[{\"@type\":\"WebPage\",\"@id\":\"https:\/\/www.sicherheitsreport.net\/en\/centrum\/\",\"url\":\"https:\/\/www.sicherheitsreport.net\/en\/centrum\/\",\"name\":\"Centre | glh - Sicherheitsreport\",\"isPartOf\":{\"@id\":\"https:\/\/www.sicherheitsreport.net\/#website\"},\"datePublished\":\"2018-12-03T15:51:04+00:00\",\"dateModified\":\"2018-12-21T17:27:15+00:00\",\"breadcrumb\":{\"@id\":\"https:\/\/www.sicherheitsreport.net\/en\/centrum\/#breadcrumb\"},\"inLanguage\":\"en-US\",\"potentialAction\":[{\"@type\":\"ReadAction\",\"target\":[\"https:\/\/www.sicherheitsreport.net\/en\/centrum\/\"]}]},{\"@type\":\"BreadcrumbList\",\"@id\":\"https:\/\/www.sicherheitsreport.net\/en\/centrum\/#breadcrumb\",\"itemListElement\":[{\"@type\":\"ListItem\",\"position\":1,\"name\":\"Startseite\",\"item\":\"https:\/\/www.sicherheitsreport.net\/\"},{\"@type\":\"ListItem\",\"position\":2,\"name\":\"Centre\"}]},{\"@type\":\"WebSite\",\"@id\":\"https:\/\/www.sicherheitsreport.net\/#website\",\"url\":\"https:\/\/www.sicherheitsreport.net\/\",\"name\":\"glh - Sicherheitsreport\",\"description\":\"\",\"publisher\":{\"@id\":\"https:\/\/www.sicherheitsreport.net\/#organization\"},\"potentialAction\":[{\"@type\":\"SearchAction\",\"target\":{\"@type\":\"EntryPoint\",\"urlTemplate\":\"https:\/\/www.sicherheitsreport.net\/?s={search_term_string}\"},\"query-input\":\"required name=search_term_string\"}],\"inLanguage\":\"en-US\"},{\"@type\":\"Organization\",\"@id\":\"https:\/\/www.sicherheitsreport.net\/#organization\",\"name\":\"glh - Centrum f\u00fcr Strategie und H\u00f6here F\u00fchrung\",\"url\":\"https:\/\/www.sicherheitsreport.net\/\",\"logo\":{\"@type\":\"ImageObject\",\"inLanguage\":\"en-US\",\"@id\":\"https:\/\/www.sicherheitsreport.net\/#\/schema\/logo\/image\/\",\"url\":\"https:\/\/www.sicherheitsreport.net\/wp-content\/uploads\/2013\/05\/glh_logo.gif\",\"contentUrl\":\"https:\/\/www.sicherheitsreport.net\/wp-content\/uploads\/2013\/05\/glh_logo.gif\",\"width\":85,\"height\":60,\"caption\":\"glh - Centrum f\u00fcr Strategie und H\u00f6here F\u00fchrung\"},\"image\":{\"@id\":\"https:\/\/www.sicherheitsreport.net\/#\/schema\/logo\/image\/\"}}]}<\/script>\n<!-- \/ Yoast SEO plugin. -->","yoast_head_json":{"title":"Centre | glh - Sicherheitsreport","robots":{"index":"index","follow":"follow","max-snippet":"max-snippet:-1","max-image-preview":"max-image-preview:large","max-video-preview":"max-video-preview:-1"},"canonical":"https:\/\/www.sicherheitsreport.net\/en\/centrum\/","og_locale":"en_US","og_type":"article","og_title":"Centre | glh - Sicherheitsreport","og_description":"The Centre for Strategy and Higher Leadership is a leading service partner in coaching, sparring and individualised training at the highest level \u2013 for partners, board members and CEOs. The Centre was founded by its managing director, Dr. Klaus Schweinsberg.","og_url":"https:\/\/www.sicherheitsreport.net\/en\/centrum\/","og_site_name":"glh - Sicherheitsreport","article_modified_time":"2018-12-21T17:27:15+00:00","twitter_card":"summary_large_image","schema":{"@context":"https:\/\/schema.org","@graph":[{"@type":"WebPage","@id":"https:\/\/www.sicherheitsreport.net\/en\/centrum\/","url":"https:\/\/www.sicherheitsreport.net\/en\/centrum\/","name":"Centre | glh - Sicherheitsreport","isPartOf":{"@id":"https:\/\/www.sicherheitsreport.net\/#website"},"datePublished":"2018-12-03T15:51:04+00:00","dateModified":"2018-12-21T17:27:15+00:00","breadcrumb":{"@id":"https:\/\/www.sicherheitsreport.net\/en\/centrum\/#breadcrumb"},"inLanguage":"en-US","potentialAction":[{"@type":"ReadAction","target":["https:\/\/www.sicherheitsreport.net\/en\/centrum\/"]}]},{"@type":"BreadcrumbList","@id":"https:\/\/www.sicherheitsreport.net\/en\/centrum\/#breadcrumb","itemListElement":[{"@type":"ListItem","position":1,"name":"Startseite","item":"https:\/\/www.sicherheitsreport.net\/"},{"@type":"ListItem","position":2,"name":"Centre"}]},{"@type":"WebSite","@id":"https:\/\/www.sicherheitsreport.net\/#website","url":"https:\/\/www.sicherheitsreport.net\/","name":"glh - Sicherheitsreport","description":"","publisher":{"@id":"https:\/\/www.sicherheitsreport.net\/#organization"},"potentialAction":[{"@type":"SearchAction","target":{"@type":"EntryPoint","urlTemplate":"https:\/\/www.sicherheitsreport.net\/?s={search_term_string}"},"query-input":"required name=search_term_string"}],"inLanguage":"en-US"},{"@type":"Organization","@id":"https:\/\/www.sicherheitsreport.net\/#organization","name":"glh - Centrum f\u00fcr Strategie und H\u00f6here F\u00fchrung","url":"https:\/\/www.sicherheitsreport.net\/","logo":{"@type":"ImageObject","inLanguage":"en-US","@id":"https:\/\/www.sicherheitsreport.net\/#\/schema\/logo\/image\/","url":"https:\/\/www.sicherheitsreport.net\/wp-content\/uploads\/2013\/05\/glh_logo.gif","contentUrl":"https:\/\/www.sicherheitsreport.net\/wp-content\/uploads\/2013\/05\/glh_logo.gif","width":85,"height":60,"caption":"glh - Centrum f\u00fcr Strategie und H\u00f6here F\u00fchrung"},"image":{"@id":"https:\/\/www.sicherheitsreport.net\/#\/schema\/logo\/image\/"}}]}},"_links":{"self":[{"href":"https:\/\/www.sicherheitsreport.net\/en\/wp-json\/wp\/v2\/pages\/1036\/"}],"collection":[{"href":"https:\/\/www.sicherheitsreport.net\/en\/wp-json\/wp\/v2\/pages\/"}],"about":[{"href":"https:\/\/www.sicherheitsreport.net\/en\/wp-json\/wp\/v2\/types\/page\/"}],"author":[{"embeddable":true,"href":"https:\/\/www.sicherheitsreport.net\/en\/wp-json\/wp\/v2\/users\/3\/"}],"replies":[{"embeddable":true,"href":"https:\/\/www.sicherheitsreport.net\/en\/wp-json\/wp\/v2\/comments\/?post=1036"}],"version-history":[{"count":0,"href":"https:\/\/www.sicherheitsreport.net\/en\/wp-json\/wp\/v2\/pages\/1036\/revisions\/"}],"wp:attachment":[{"href":"https:\/\/www.sicherheitsreport.net\/en\/wp-json\/wp\/v2\/media\/?parent=1036"}],"curies":[{"name":"wp","href":"https:\/\/api.w.org\/{rel}","templated":true}]}}